{"id":399,"date":"2025-04-28T14:55:21","date_gmt":"2025-04-28T12:55:21","guid":{"rendered":"https:\/\/www.elevating-patterns.com\/?page_id=399"},"modified":"2025-06-03T15:53:24","modified_gmt":"2025-06-03T13:53:24","slug":"consulting-2","status":"publish","type":"page","link":"https:\/\/www.elevating-patterns.com\/index.php\/consulting-2\/","title":{"rendered":"Consulting"},"content":{"rendered":"\n<p>Bei Elevating Patterns vereinen wir jahrzehntelange praktische Erfahrung im Product Lifecycle Management (PLM). Als Gr\u00fcnder mit tiefen Branchenwurzeln verstehen wir die Komplexit\u00e4t und das Potenzial von PLM-Systemen zur Steigerung des Gesch\u00e4ftserfolgs.<\/p>\n\n\n\n<p>Unser zentrales Beratungsangebot ist der <strong>PLM Vision Workshop<\/strong> &#8211; eine fokussierte, strategische Sitzung, die Ihrem Unternehmen hilft, eine klare, umsetzbare Roadmap f\u00fcr Ihre PLM-Initiativen zu entwickeln. Gemeinsam decken wir Chancen auf, stimmen Ziele ab und legen den Grundstein f\u00fcr eine nachhaltige, zukunftsf\u00e4hige PLM-Strategie. Und vor allem k\u00f6nnen wir Ihnen helfen zu verstehen, welche Rolle ein Digital Thread System in Ihrer PLM-Initiative spielen wird.<\/p>\n\n\n\n<figure class=\"wp-block-image size-large\"><img loading=\"lazy\" decoding=\"async\" width=\"1024\" height=\"697\" src=\"https:\/\/www.elevating-patterns.com\/wp-content\/uploads\/2025\/04\/Screenshot-2025-04-28-153310-1024x697.png\" alt=\"\" class=\"wp-image-409\" srcset=\"https:\/\/www.elevating-patterns.com\/wp-content\/uploads\/2025\/04\/Screenshot-2025-04-28-153310-1024x697.png 1024w, https:\/\/www.elevating-patterns.com\/wp-content\/uploads\/2025\/04\/Screenshot-2025-04-28-153310-300x204.png 300w, https:\/\/www.elevating-patterns.com\/wp-content\/uploads\/2025\/04\/Screenshot-2025-04-28-153310-768x523.png 768w, https:\/\/www.elevating-patterns.com\/wp-content\/uploads\/2025\/04\/Screenshot-2025-04-28-153310.png 1397w\" sizes=\"auto, (max-width: 1024px) 100vw, 1024px\" \/><\/figure>\n\n\n\n<p><\/p>\n\n\n\n<p>In einem zweit\u00e4gigen Workshop, bestehend aus 4 Modulen (je 4 Stunden), bringen wir Sie auf den neuesten Stand der cloud-nativen Digital Thread Technologien. Das perfekte Einstiegspaket, um zu sehen, welcher Wert geschaffen werden kann, wenn ein PLM-Konzept endlich sein volles Potenzial aussch\u00f6pfen kann.<\/p>\n\n\n\n<p>Lassen Sie uns Ihre PLM-Reise mit Vision, Klarheit und Expertise gestalten.<\/p>\n\n\n\n<p>Bitte sprechen Sie uns \u00fcber das Kontaktformular hier auf unserer Website oder \u00fcber Linkedin an, wenn Sie mehr \u00fcber unser Beratungsangebot erfahren m\u00f6chten.<\/p>\n\n\n\n<p><\/p>\n\n\n\n<hr class=\"wp-block-separator has-alpha-channel-opacity\"\/>\n","protected":false},"excerpt":{"rendered":"<p>Bei Elevating Patterns vereinen wir jahrzehntelange praktische Erfahrung im Product Lifecycle Management (PLM). Als Gr\u00fcnder mit tiefen Branchenwurzeln verstehen wir die Komplexit\u00e4t und das Potenzial von PLM-Systemen zur Steigerung des Gesch\u00e4ftserfolgs. Unser zentrales Beratungsangebot ist der PLM Vision Workshop &#8211; eine fokussierte, strategische Sitzung, die Ihrem Unternehmen hilft, eine klare, [&hellip;]<\/p>\n","protected":false},"author":2,"featured_media":377,"parent":0,"menu_order":0,"comment_status":"closed","ping_status":"closed","template":"","meta":{"_themeisle_gutenberg_block_has_review":false,"footnotes":""},"class_list":["post-399","page","type-page","status-publish","has-post-thumbnail","hentry"],"yoast_head":"<!-- This site is optimized with the Yoast SEO plugin v26.8 - https:\/\/yoast.com\/product\/yoast-seo-wordpress\/ -->\n<title>Consulting - Elevating Patterns<\/title>\n<meta name=\"robots\" content=\"index, follow, max-snippet:-1, max-image-preview:large, max-video-preview:-1\" \/>\n<link rel=\"canonical\" href=\"https:\/\/www.elevating-patterns.com\/index.php\/consulting-2\/\" \/>\n<meta property=\"og:locale\" content=\"de_DE\" \/>\n<meta property=\"og:type\" content=\"article\" \/>\n<meta property=\"og:title\" content=\"Consulting - Elevating Patterns\" \/>\n<meta property=\"og:description\" content=\"Bei Elevating Patterns vereinen wir jahrzehntelange praktische Erfahrung im Product Lifecycle Management (PLM). Als Gr\u00fcnder mit tiefen Branchenwurzeln verstehen wir die Komplexit\u00e4t und das Potenzial von PLM-Systemen zur Steigerung des Gesch\u00e4ftserfolgs. Unser zentrales Beratungsangebot ist der PLM Vision Workshop &#8211; eine fokussierte, strategische Sitzung, die Ihrem Unternehmen hilft, eine klare, [&hellip;]\" \/>\n<meta property=\"og:url\" content=\"https:\/\/www.elevating-patterns.com\/index.php\/consulting-2\/\" \/>\n<meta property=\"og:site_name\" content=\"Elevating Patterns\" \/>\n<meta property=\"article:modified_time\" content=\"2025-06-03T13:53:24+00:00\" \/>\n<meta property=\"og:image\" content=\"https:\/\/www.elevating-patterns.com\/wp-content\/uploads\/2025\/04\/DTS_PLM_Consulting-1024x683.png\" \/>\n\t<meta property=\"og:image:width\" content=\"1024\" \/>\n\t<meta property=\"og:image:height\" content=\"683\" \/>\n\t<meta property=\"og:image:type\" content=\"image\/png\" \/>\n<meta name=\"twitter:card\" content=\"summary_large_image\" \/>\n<meta name=\"twitter:label1\" content=\"Gesch\u00e4tzte Lesezeit\" \/>\n\t<meta name=\"twitter:data1\" content=\"2\u00a0Minuten\" \/>\n<script type=\"application\/ld+json\" class=\"yoast-schema-graph\">{\"@context\":\"https:\/\/schema.org\",\"@graph\":[{\"@type\":\"WebPage\",\"@id\":\"https:\/\/www.elevating-patterns.com\/index.php\/consulting-2\/\",\"url\":\"https:\/\/www.elevating-patterns.com\/index.php\/consulting-2\/\",\"name\":\"Consulting - Elevating Patterns\",\"isPartOf\":{\"@id\":\"https:\/\/www.elevating-patterns.com\/#website\"},\"primaryImageOfPage\":{\"@id\":\"https:\/\/www.elevating-patterns.com\/index.php\/consulting-2\/#primaryimage\"},\"image\":{\"@id\":\"https:\/\/www.elevating-patterns.com\/index.php\/consulting-2\/#primaryimage\"},\"thumbnailUrl\":\"https:\/\/www.elevating-patterns.com\/wp-content\/uploads\/2025\/04\/DTS_PLM_Consulting.png\",\"datePublished\":\"2025-04-28T12:55:21+00:00\",\"dateModified\":\"2025-06-03T13:53:24+00:00\",\"breadcrumb\":{\"@id\":\"https:\/\/www.elevating-patterns.com\/index.php\/consulting-2\/#breadcrumb\"},\"inLanguage\":\"de\",\"potentialAction\":[{\"@type\":\"ReadAction\",\"target\":[\"https:\/\/www.elevating-patterns.com\/index.php\/consulting-2\/\"]}]},{\"@type\":\"ImageObject\",\"inLanguage\":\"de\",\"@id\":\"https:\/\/www.elevating-patterns.com\/index.php\/consulting-2\/#primaryimage\",\"url\":\"https:\/\/www.elevating-patterns.com\/wp-content\/uploads\/2025\/04\/DTS_PLM_Consulting.png\",\"contentUrl\":\"https:\/\/www.elevating-patterns.com\/wp-content\/uploads\/2025\/04\/DTS_PLM_Consulting.png\",\"width\":1536,\"height\":1024},{\"@type\":\"BreadcrumbList\",\"@id\":\"https:\/\/www.elevating-patterns.com\/index.php\/consulting-2\/#breadcrumb\",\"itemListElement\":[{\"@type\":\"ListItem\",\"position\":1,\"name\":\"Startseite\",\"item\":\"https:\/\/www.elevating-patterns.com\/\"},{\"@type\":\"ListItem\",\"position\":2,\"name\":\"Consulting\"}]},{\"@type\":\"WebSite\",\"@id\":\"https:\/\/www.elevating-patterns.com\/#website\",\"url\":\"https:\/\/www.elevating-patterns.com\/\",\"name\":\"Elevating Patterns GmbH\",\"description\":\"Let&#039;s build the #IndustrialGraph\",\"publisher\":{\"@id\":\"https:\/\/www.elevating-patterns.com\/#organization\"},\"potentialAction\":[{\"@type\":\"SearchAction\",\"target\":{\"@type\":\"EntryPoint\",\"urlTemplate\":\"https:\/\/www.elevating-patterns.com\/?s={search_term_string}\"},\"query-input\":{\"@type\":\"PropertyValueSpecification\",\"valueRequired\":true,\"valueName\":\"search_term_string\"}}],\"inLanguage\":\"de\"},{\"@type\":\"Organization\",\"@id\":\"https:\/\/www.elevating-patterns.com\/#organization\",\"name\":\"Elevating Patterns GmbH\",\"url\":\"https:\/\/www.elevating-patterns.com\/\",\"logo\":{\"@type\":\"ImageObject\",\"inLanguage\":\"de\",\"@id\":\"https:\/\/www.elevating-patterns.com\/#\/schema\/logo\/image\/\",\"url\":\"https:\/\/www.elevating-patterns.com\/wp-content\/uploads\/2024\/12\/cropped-EP_logo_transparent_1080x1080_ohne_Text-removebg.png\",\"contentUrl\":\"https:\/\/www.elevating-patterns.com\/wp-content\/uploads\/2024\/12\/cropped-EP_logo_transparent_1080x1080_ohne_Text-removebg.png\",\"width\":937,\"height\":446,\"caption\":\"Elevating Patterns GmbH\"},\"image\":{\"@id\":\"https:\/\/www.elevating-patterns.com\/#\/schema\/logo\/image\/\"},\"sameAs\":[\"https:\/\/www.youtube.com\/@ElevatingPatterns\",\"https:\/\/de.linkedin.com\/company\/elevating-patterns\"]}]}<\/script>\n<!-- \/ Yoast SEO plugin. -->","yoast_head_json":{"title":"Consulting - Elevating Patterns","robots":{"index":"index","follow":"follow","max-snippet":"max-snippet:-1","max-image-preview":"max-image-preview:large","max-video-preview":"max-video-preview:-1"},"canonical":"https:\/\/www.elevating-patterns.com\/index.php\/consulting-2\/","og_locale":"de_DE","og_type":"article","og_title":"Consulting - Elevating Patterns","og_description":"Bei Elevating Patterns vereinen wir jahrzehntelange praktische Erfahrung im Product Lifecycle Management (PLM). Als Gr\u00fcnder mit tiefen Branchenwurzeln verstehen wir die Komplexit\u00e4t und das Potenzial von PLM-Systemen zur Steigerung des Gesch\u00e4ftserfolgs. Unser zentrales Beratungsangebot ist der PLM Vision Workshop &#8211; eine fokussierte, strategische Sitzung, die Ihrem Unternehmen hilft, eine klare, [&hellip;]","og_url":"https:\/\/www.elevating-patterns.com\/index.php\/consulting-2\/","og_site_name":"Elevating Patterns","article_modified_time":"2025-06-03T13:53:24+00:00","og_image":[{"width":1024,"height":683,"url":"https:\/\/www.elevating-patterns.com\/wp-content\/uploads\/2025\/04\/DTS_PLM_Consulting-1024x683.png","type":"image\/png"}],"twitter_card":"summary_large_image","twitter_misc":{"Gesch\u00e4tzte Lesezeit":"2\u00a0Minuten"},"schema":{"@context":"https:\/\/schema.org","@graph":[{"@type":"WebPage","@id":"https:\/\/www.elevating-patterns.com\/index.php\/consulting-2\/","url":"https:\/\/www.elevating-patterns.com\/index.php\/consulting-2\/","name":"Consulting - Elevating Patterns","isPartOf":{"@id":"https:\/\/www.elevating-patterns.com\/#website"},"primaryImageOfPage":{"@id":"https:\/\/www.elevating-patterns.com\/index.php\/consulting-2\/#primaryimage"},"image":{"@id":"https:\/\/www.elevating-patterns.com\/index.php\/consulting-2\/#primaryimage"},"thumbnailUrl":"https:\/\/www.elevating-patterns.com\/wp-content\/uploads\/2025\/04\/DTS_PLM_Consulting.png","datePublished":"2025-04-28T12:55:21+00:00","dateModified":"2025-06-03T13:53:24+00:00","breadcrumb":{"@id":"https:\/\/www.elevating-patterns.com\/index.php\/consulting-2\/#breadcrumb"},"inLanguage":"de","potentialAction":[{"@type":"ReadAction","target":["https:\/\/www.elevating-patterns.com\/index.php\/consulting-2\/"]}]},{"@type":"ImageObject","inLanguage":"de","@id":"https:\/\/www.elevating-patterns.com\/index.php\/consulting-2\/#primaryimage","url":"https:\/\/www.elevating-patterns.com\/wp-content\/uploads\/2025\/04\/DTS_PLM_Consulting.png","contentUrl":"https:\/\/www.elevating-patterns.com\/wp-content\/uploads\/2025\/04\/DTS_PLM_Consulting.png","width":1536,"height":1024},{"@type":"BreadcrumbList","@id":"https:\/\/www.elevating-patterns.com\/index.php\/consulting-2\/#breadcrumb","itemListElement":[{"@type":"ListItem","position":1,"name":"Startseite","item":"https:\/\/www.elevating-patterns.com\/"},{"@type":"ListItem","position":2,"name":"Consulting"}]},{"@type":"WebSite","@id":"https:\/\/www.elevating-patterns.com\/#website","url":"https:\/\/www.elevating-patterns.com\/","name":"Elevating Patterns GmbH","description":"Let&#039;s build the #IndustrialGraph","publisher":{"@id":"https:\/\/www.elevating-patterns.com\/#organization"},"potentialAction":[{"@type":"SearchAction","target":{"@type":"EntryPoint","urlTemplate":"https:\/\/www.elevating-patterns.com\/?s={search_term_string}"},"query-input":{"@type":"PropertyValueSpecification","valueRequired":true,"valueName":"search_term_string"}}],"inLanguage":"de"},{"@type":"Organization","@id":"https:\/\/www.elevating-patterns.com\/#organization","name":"Elevating Patterns GmbH","url":"https:\/\/www.elevating-patterns.com\/","logo":{"@type":"ImageObject","inLanguage":"de","@id":"https:\/\/www.elevating-patterns.com\/#\/schema\/logo\/image\/","url":"https:\/\/www.elevating-patterns.com\/wp-content\/uploads\/2024\/12\/cropped-EP_logo_transparent_1080x1080_ohne_Text-removebg.png","contentUrl":"https:\/\/www.elevating-patterns.com\/wp-content\/uploads\/2024\/12\/cropped-EP_logo_transparent_1080x1080_ohne_Text-removebg.png","width":937,"height":446,"caption":"Elevating Patterns GmbH"},"image":{"@id":"https:\/\/www.elevating-patterns.com\/#\/schema\/logo\/image\/"},"sameAs":["https:\/\/www.youtube.com\/@ElevatingPatterns","https:\/\/de.linkedin.com\/company\/elevating-patterns"]}]}},"_links":{"self":[{"href":"https:\/\/www.elevating-patterns.com\/index.php\/wp-json\/wp\/v2\/pages\/399","targetHints":{"allow":["GET"]}}],"collection":[{"href":"https:\/\/www.elevating-patterns.com\/index.php\/wp-json\/wp\/v2\/pages"}],"about":[{"href":"https:\/\/www.elevating-patterns.com\/index.php\/wp-json\/wp\/v2\/types\/page"}],"author":[{"embeddable":true,"href":"https:\/\/www.elevating-patterns.com\/index.php\/wp-json\/wp\/v2\/users\/2"}],"replies":[{"embeddable":true,"href":"https:\/\/www.elevating-patterns.com\/index.php\/wp-json\/wp\/v2\/comments?post=399"}],"version-history":[{"count":6,"href":"https:\/\/www.elevating-patterns.com\/index.php\/wp-json\/wp\/v2\/pages\/399\/revisions"}],"predecessor-version":[{"id":469,"href":"https:\/\/www.elevating-patterns.com\/index.php\/wp-json\/wp\/v2\/pages\/399\/revisions\/469"}],"wp:featuredmedia":[{"embeddable":true,"href":"https:\/\/www.elevating-patterns.com\/index.php\/wp-json\/wp\/v2\/media\/377"}],"wp:attachment":[{"href":"https:\/\/www.elevating-patterns.com\/index.php\/wp-json\/wp\/v2\/media?parent=399"}],"curies":[{"name":"wp","href":"https:\/\/api.w.org\/{rel}","templated":true}]}}