{"id":440,"date":"2025-06-03T14:56:02","date_gmt":"2025-06-03T12:56:02","guid":{"rendered":"https:\/\/www.elevating-patterns.com\/?page_id=440"},"modified":"2025-09-02T11:37:12","modified_gmt":"2025-09-02T09:37:12","slug":"the-vision","status":"publish","type":"page","link":"https:\/\/www.elevating-patterns.com\/index.php\/the-vision\/","title":{"rendered":"Die Vision"},"content":{"rendered":"\n<p>Unsere Vision bei Elevating Patterns ist es, Produktdaten aus ihren K\u00e4figen zu befreien und sie dort zu vernetzen, wo sie sich befinden, um Innovation und Zusammenarbeit im industriellen Ma\u00dfstab zu f\u00f6rdern. Das hei\u00dft konkret, dass wir mit unserem #IndustrialGraph Produktdaten \u00fcber den gesamten Lebenszyklus und \u00fcber Unternehmensgrenzen hinweg vernetzen k\u00f6nnen. Wir fordern von unseren Kunden kein Greenfield ein, sondern k\u00f6nnen uns auch in einem Brownfield sehr gut zu recht finden.<\/p>\n\n\n\n<figure class=\"wp-block-image size-large\"><img loading=\"lazy\" decoding=\"async\" width=\"1024\" height=\"461\" src=\"https:\/\/www.elevating-patterns.com\/wp-content\/uploads\/2025\/06\/Screenshot-2025-06-03-152550-1024x461.png\" alt=\"\" class=\"wp-image-456\" srcset=\"https:\/\/www.elevating-patterns.com\/wp-content\/uploads\/2025\/06\/Screenshot-2025-06-03-152550-1024x461.png 1024w, https:\/\/www.elevating-patterns.com\/wp-content\/uploads\/2025\/06\/Screenshot-2025-06-03-152550-300x135.png 300w, https:\/\/www.elevating-patterns.com\/wp-content\/uploads\/2025\/06\/Screenshot-2025-06-03-152550-768x346.png 768w, https:\/\/www.elevating-patterns.com\/wp-content\/uploads\/2025\/06\/Screenshot-2025-06-03-152550-1536x692.png 1536w, https:\/\/www.elevating-patterns.com\/wp-content\/uploads\/2025\/06\/Screenshot-2025-06-03-152550.png 1667w\" sizes=\"auto, (max-width: 1024px) 100vw, 1024px\" \/><\/figure>\n\n\n\n<p>Hierbei ist es uns wichtig nicht nur als Data Lake die Suche nach den richtigen Produktdaten und Traceability zu erm\u00f6glichen. Wir wollen vielmehr die Orchestrierungsinstanz f\u00fcr industrielle Produktdaten sein, die eben auch \u00c4nderungen in angeschlossenen IT-Systemen durchf\u00fchren kann, um so einen echten vollst\u00e4ndigen \u00c4nderungsprozess zu realisieren. F\u00f6deriert, kontrolliert und hoch-performant.<\/p>\n\n\n\n<figure class=\"wp-block-image size-large\"><img loading=\"lazy\" decoding=\"async\" width=\"1024\" height=\"576\" src=\"https:\/\/www.elevating-patterns.com\/wp-content\/uploads\/2025\/06\/Design-ohne-Titel-1024x576.png\" alt=\"\" class=\"wp-image-455\" srcset=\"https:\/\/www.elevating-patterns.com\/wp-content\/uploads\/2025\/06\/Design-ohne-Titel-1024x576.png 1024w, https:\/\/www.elevating-patterns.com\/wp-content\/uploads\/2025\/06\/Design-ohne-Titel-300x169.png 300w, https:\/\/www.elevating-patterns.com\/wp-content\/uploads\/2025\/06\/Design-ohne-Titel-768x432.png 768w, https:\/\/www.elevating-patterns.com\/wp-content\/uploads\/2025\/06\/Design-ohne-Titel-1536x864.png 1536w, https:\/\/www.elevating-patterns.com\/wp-content\/uploads\/2025\/06\/Design-ohne-Titel.png 1920w\" sizes=\"auto, (max-width: 1024px) 100vw, 1024px\" \/><\/figure>\n\n\n\n<p>Wir realisieren dies mit einer cloud-nativen Softwarearchitektur, die auf echten separat betreibbaren Microservices beruht. Diese laufen in eigenen Containern und unterst\u00fctzen damit eben auch horizontale Skalierung. Produktdaten waren schon immer ein Graphenproblem, deswegen ist die performanteste Datenbanktechnologie f\u00fcr uns eine echte Graphdatenbank &#8211; allerdings nicht ausschlie\u00dflich. Manche Daten liegen eben doch lieber in Tabellen oder Dokumenten vor. <br>Unsere Modeling Engine erm\u00f6glicht die einfache Erweiterbarkeit unserer Plattform in einem No Code Ansatz. Zu Grunde liegt dem ganzen ein Metamodell, dass die Definition und Erweiterung von standardisierten und eigenen Datenmodellen erlaubt. Alles kontrolliert mit einem industrief\u00e4higen Lebenszyklusmanagement und direkt verf\u00fcgbar in UI und API. Plattformservices erlauben Ihre Verwendung \u00fcber eine Vielzahl von Applikationen hinweg &#8211; hierzu z\u00e4hlt in Zukunft sicher auch ein Variantenmanagement. Diese Apps k\u00f6nnen von EP, Partnern oder Kunden selbst zur Unterst\u00fctzung spezifischer Anwendungsf\u00e4lle entwickelt und \u00fcber unseren App Shop in der Community geteilt und vertrieben werden. Mit unserem Graphen lassen sich die Datensch\u00e4tze der Industrie auch f\u00fcr die Verwendung von KI Agenten heben. Die REST API stellt und bestens f\u00fcr das Cloudzeitalter auf und ein modernes Web UI stellt Usability und die Bed\u00fcrfnisse des Anwenders in den Vordergrund &#8211; alles in allem ein Werkzeug mit dem jeder gerne arbeitet.<\/p>\n\n\n\n<p><\/p>\n\n\n\n<p><\/p>\n\n\n\n<hr class=\"wp-block-separator has-alpha-channel-opacity\"\/>\n\n\n\n<p><\/p>\n\n\n\n<p><\/p>\n\n\n\n<p><\/p>\n","protected":false},"excerpt":{"rendered":"<p>Unsere Vision bei Elevating Patterns ist es, Produktdaten aus ihren K\u00e4figen zu befreien und sie dort zu vernetzen, wo sie sich befinden, um Innovation und Zusammenarbeit im industriellen Ma\u00dfstab zu f\u00f6rdern. Das hei\u00dft konkret, dass wir mit unserem #IndustrialGraph Produktdaten \u00fcber den gesamten Lebenszyklus und \u00fcber Unternehmensgrenzen hinweg vernetzen k\u00f6nnen. [&hellip;]<\/p>\n","protected":false},"author":2,"featured_media":0,"parent":0,"menu_order":0,"comment_status":"closed","ping_status":"closed","template":"","meta":{"_themeisle_gutenberg_block_has_review":false,"footnotes":""},"class_list":["post-440","page","type-page","status-publish","hentry"],"yoast_head":"<!-- This site is optimized with the Yoast SEO plugin v26.8 - https:\/\/yoast.com\/product\/yoast-seo-wordpress\/ -->\n<title>Die Vision - Elevating Patterns<\/title>\n<meta name=\"robots\" content=\"index, follow, max-snippet:-1, max-image-preview:large, max-video-preview:-1\" \/>\n<link rel=\"canonical\" href=\"https:\/\/www.elevating-patterns.com\/index.php\/the-vision\/\" \/>\n<meta property=\"og:locale\" content=\"de_DE\" \/>\n<meta property=\"og:type\" content=\"article\" \/>\n<meta property=\"og:title\" content=\"Die Vision - Elevating Patterns\" \/>\n<meta property=\"og:description\" content=\"Unsere Vision bei Elevating Patterns ist es, Produktdaten aus ihren K\u00e4figen zu befreien und sie dort zu vernetzen, wo sie sich befinden, um Innovation und Zusammenarbeit im industriellen Ma\u00dfstab zu f\u00f6rdern. Das hei\u00dft konkret, dass wir mit unserem #IndustrialGraph Produktdaten \u00fcber den gesamten Lebenszyklus und \u00fcber Unternehmensgrenzen hinweg vernetzen k\u00f6nnen. [&hellip;]\" \/>\n<meta property=\"og:url\" content=\"https:\/\/www.elevating-patterns.com\/index.php\/the-vision\/\" \/>\n<meta property=\"og:site_name\" content=\"Elevating Patterns\" \/>\n<meta property=\"article:modified_time\" content=\"2025-09-02T09:37:12+00:00\" \/>\n<meta property=\"og:image\" content=\"https:\/\/www.elevating-patterns.com\/wp-content\/uploads\/2025\/06\/Screenshot-2025-06-03-152550.png\" \/>\n\t<meta property=\"og:image:width\" content=\"1667\" \/>\n\t<meta property=\"og:image:height\" content=\"751\" \/>\n\t<meta property=\"og:image:type\" content=\"image\/png\" \/>\n<meta name=\"twitter:card\" content=\"summary_large_image\" \/>\n<meta name=\"twitter:label1\" content=\"Gesch\u00e4tzte Lesezeit\" \/>\n\t<meta name=\"twitter:data1\" content=\"3\u00a0Minuten\" \/>\n<script type=\"application\/ld+json\" class=\"yoast-schema-graph\">{\"@context\":\"https:\/\/schema.org\",\"@graph\":[{\"@type\":\"WebPage\",\"@id\":\"https:\/\/www.elevating-patterns.com\/index.php\/the-vision\/\",\"url\":\"https:\/\/www.elevating-patterns.com\/index.php\/the-vision\/\",\"name\":\"Die Vision - Elevating Patterns\",\"isPartOf\":{\"@id\":\"https:\/\/www.elevating-patterns.com\/#website\"},\"primaryImageOfPage\":{\"@id\":\"https:\/\/www.elevating-patterns.com\/index.php\/the-vision\/#primaryimage\"},\"image\":{\"@id\":\"https:\/\/www.elevating-patterns.com\/index.php\/the-vision\/#primaryimage\"},\"thumbnailUrl\":\"https:\/\/www.elevating-patterns.com\/wp-content\/uploads\/2025\/06\/Screenshot-2025-06-03-152550-1024x461.png\",\"datePublished\":\"2025-06-03T12:56:02+00:00\",\"dateModified\":\"2025-09-02T09:37:12+00:00\",\"breadcrumb\":{\"@id\":\"https:\/\/www.elevating-patterns.com\/index.php\/the-vision\/#breadcrumb\"},\"inLanguage\":\"de\",\"potentialAction\":[{\"@type\":\"ReadAction\",\"target\":[\"https:\/\/www.elevating-patterns.com\/index.php\/the-vision\/\"]}]},{\"@type\":\"ImageObject\",\"inLanguage\":\"de\",\"@id\":\"https:\/\/www.elevating-patterns.com\/index.php\/the-vision\/#primaryimage\",\"url\":\"https:\/\/www.elevating-patterns.com\/wp-content\/uploads\/2025\/06\/Screenshot-2025-06-03-152550.png\",\"contentUrl\":\"https:\/\/www.elevating-patterns.com\/wp-content\/uploads\/2025\/06\/Screenshot-2025-06-03-152550.png\",\"width\":1667,\"height\":751},{\"@type\":\"BreadcrumbList\",\"@id\":\"https:\/\/www.elevating-patterns.com\/index.php\/the-vision\/#breadcrumb\",\"itemListElement\":[{\"@type\":\"ListItem\",\"position\":1,\"name\":\"Startseite\",\"item\":\"https:\/\/www.elevating-patterns.com\/\"},{\"@type\":\"ListItem\",\"position\":2,\"name\":\"Die Vision\"}]},{\"@type\":\"WebSite\",\"@id\":\"https:\/\/www.elevating-patterns.com\/#website\",\"url\":\"https:\/\/www.elevating-patterns.com\/\",\"name\":\"Elevating Patterns GmbH\",\"description\":\"Let&#039;s build the #IndustrialGraph\",\"publisher\":{\"@id\":\"https:\/\/www.elevating-patterns.com\/#organization\"},\"potentialAction\":[{\"@type\":\"SearchAction\",\"target\":{\"@type\":\"EntryPoint\",\"urlTemplate\":\"https:\/\/www.elevating-patterns.com\/?s={search_term_string}\"},\"query-input\":{\"@type\":\"PropertyValueSpecification\",\"valueRequired\":true,\"valueName\":\"search_term_string\"}}],\"inLanguage\":\"de\"},{\"@type\":\"Organization\",\"@id\":\"https:\/\/www.elevating-patterns.com\/#organization\",\"name\":\"Elevating Patterns GmbH\",\"url\":\"https:\/\/www.elevating-patterns.com\/\",\"logo\":{\"@type\":\"ImageObject\",\"inLanguage\":\"de\",\"@id\":\"https:\/\/www.elevating-patterns.com\/#\/schema\/logo\/image\/\",\"url\":\"https:\/\/www.elevating-patterns.com\/wp-content\/uploads\/2024\/12\/cropped-EP_logo_transparent_1080x1080_ohne_Text-removebg.png\",\"contentUrl\":\"https:\/\/www.elevating-patterns.com\/wp-content\/uploads\/2024\/12\/cropped-EP_logo_transparent_1080x1080_ohne_Text-removebg.png\",\"width\":937,\"height\":446,\"caption\":\"Elevating Patterns GmbH\"},\"image\":{\"@id\":\"https:\/\/www.elevating-patterns.com\/#\/schema\/logo\/image\/\"},\"sameAs\":[\"https:\/\/www.youtube.com\/@ElevatingPatterns\",\"https:\/\/de.linkedin.com\/company\/elevating-patterns\"]}]}<\/script>\n<!-- \/ Yoast SEO plugin. -->","yoast_head_json":{"title":"Die Vision - Elevating Patterns","robots":{"index":"index","follow":"follow","max-snippet":"max-snippet:-1","max-image-preview":"max-image-preview:large","max-video-preview":"max-video-preview:-1"},"canonical":"https:\/\/www.elevating-patterns.com\/index.php\/the-vision\/","og_locale":"de_DE","og_type":"article","og_title":"Die Vision - Elevating Patterns","og_description":"Unsere Vision bei Elevating Patterns ist es, Produktdaten aus ihren K\u00e4figen zu befreien und sie dort zu vernetzen, wo sie sich befinden, um Innovation und Zusammenarbeit im industriellen Ma\u00dfstab zu f\u00f6rdern. Das hei\u00dft konkret, dass wir mit unserem #IndustrialGraph Produktdaten \u00fcber den gesamten Lebenszyklus und \u00fcber Unternehmensgrenzen hinweg vernetzen k\u00f6nnen. [&hellip;]","og_url":"https:\/\/www.elevating-patterns.com\/index.php\/the-vision\/","og_site_name":"Elevating Patterns","article_modified_time":"2025-09-02T09:37:12+00:00","og_image":[{"width":1667,"height":751,"url":"https:\/\/www.elevating-patterns.com\/wp-content\/uploads\/2025\/06\/Screenshot-2025-06-03-152550.png","type":"image\/png"}],"twitter_card":"summary_large_image","twitter_misc":{"Gesch\u00e4tzte Lesezeit":"3\u00a0Minuten"},"schema":{"@context":"https:\/\/schema.org","@graph":[{"@type":"WebPage","@id":"https:\/\/www.elevating-patterns.com\/index.php\/the-vision\/","url":"https:\/\/www.elevating-patterns.com\/index.php\/the-vision\/","name":"Die Vision - Elevating Patterns","isPartOf":{"@id":"https:\/\/www.elevating-patterns.com\/#website"},"primaryImageOfPage":{"@id":"https:\/\/www.elevating-patterns.com\/index.php\/the-vision\/#primaryimage"},"image":{"@id":"https:\/\/www.elevating-patterns.com\/index.php\/the-vision\/#primaryimage"},"thumbnailUrl":"https:\/\/www.elevating-patterns.com\/wp-content\/uploads\/2025\/06\/Screenshot-2025-06-03-152550-1024x461.png","datePublished":"2025-06-03T12:56:02+00:00","dateModified":"2025-09-02T09:37:12+00:00","breadcrumb":{"@id":"https:\/\/www.elevating-patterns.com\/index.php\/the-vision\/#breadcrumb"},"inLanguage":"de","potentialAction":[{"@type":"ReadAction","target":["https:\/\/www.elevating-patterns.com\/index.php\/the-vision\/"]}]},{"@type":"ImageObject","inLanguage":"de","@id":"https:\/\/www.elevating-patterns.com\/index.php\/the-vision\/#primaryimage","url":"https:\/\/www.elevating-patterns.com\/wp-content\/uploads\/2025\/06\/Screenshot-2025-06-03-152550.png","contentUrl":"https:\/\/www.elevating-patterns.com\/wp-content\/uploads\/2025\/06\/Screenshot-2025-06-03-152550.png","width":1667,"height":751},{"@type":"BreadcrumbList","@id":"https:\/\/www.elevating-patterns.com\/index.php\/the-vision\/#breadcrumb","itemListElement":[{"@type":"ListItem","position":1,"name":"Startseite","item":"https:\/\/www.elevating-patterns.com\/"},{"@type":"ListItem","position":2,"name":"Die Vision"}]},{"@type":"WebSite","@id":"https:\/\/www.elevating-patterns.com\/#website","url":"https:\/\/www.elevating-patterns.com\/","name":"Elevating Patterns GmbH","description":"Let&#039;s build the #IndustrialGraph","publisher":{"@id":"https:\/\/www.elevating-patterns.com\/#organization"},"potentialAction":[{"@type":"SearchAction","target":{"@type":"EntryPoint","urlTemplate":"https:\/\/www.elevating-patterns.com\/?s={search_term_string}"},"query-input":{"@type":"PropertyValueSpecification","valueRequired":true,"valueName":"search_term_string"}}],"inLanguage":"de"},{"@type":"Organization","@id":"https:\/\/www.elevating-patterns.com\/#organization","name":"Elevating Patterns GmbH","url":"https:\/\/www.elevating-patterns.com\/","logo":{"@type":"ImageObject","inLanguage":"de","@id":"https:\/\/www.elevating-patterns.com\/#\/schema\/logo\/image\/","url":"https:\/\/www.elevating-patterns.com\/wp-content\/uploads\/2024\/12\/cropped-EP_logo_transparent_1080x1080_ohne_Text-removebg.png","contentUrl":"https:\/\/www.elevating-patterns.com\/wp-content\/uploads\/2024\/12\/cropped-EP_logo_transparent_1080x1080_ohne_Text-removebg.png","width":937,"height":446,"caption":"Elevating Patterns GmbH"},"image":{"@id":"https:\/\/www.elevating-patterns.com\/#\/schema\/logo\/image\/"},"sameAs":["https:\/\/www.youtube.com\/@ElevatingPatterns","https:\/\/de.linkedin.com\/company\/elevating-patterns"]}]}},"_links":{"self":[{"href":"https:\/\/www.elevating-patterns.com\/index.php\/wp-json\/wp\/v2\/pages\/440","targetHints":{"allow":["GET"]}}],"collection":[{"href":"https:\/\/www.elevating-patterns.com\/index.php\/wp-json\/wp\/v2\/pages"}],"about":[{"href":"https:\/\/www.elevating-patterns.com\/index.php\/wp-json\/wp\/v2\/types\/page"}],"author":[{"embeddable":true,"href":"https:\/\/www.elevating-patterns.com\/index.php\/wp-json\/wp\/v2\/users\/2"}],"replies":[{"embeddable":true,"href":"https:\/\/www.elevating-patterns.com\/index.php\/wp-json\/wp\/v2\/comments?post=440"}],"version-history":[{"count":9,"href":"https:\/\/www.elevating-patterns.com\/index.php\/wp-json\/wp\/v2\/pages\/440\/revisions"}],"predecessor-version":[{"id":549,"href":"https:\/\/www.elevating-patterns.com\/index.php\/wp-json\/wp\/v2\/pages\/440\/revisions\/549"}],"wp:attachment":[{"href":"https:\/\/www.elevating-patterns.com\/index.php\/wp-json\/wp\/v2\/media?parent=440"}],"curies":[{"name":"wp","href":"https:\/\/api.w.org\/{rel}","templated":true}]}}