{"id":544,"date":"2025-09-02T11:33:16","date_gmt":"2025-09-02T09:33:16","guid":{"rendered":"https:\/\/www.elevating-patterns.com\/?page_id=544"},"modified":"2025-09-02T12:09:14","modified_gmt":"2025-09-02T10:09:14","slug":"the-product","status":"publish","type":"page","link":"https:\/\/www.elevating-patterns.com\/index.php\/the-product\/","title":{"rendered":"Das Produkt"},"content":{"rendered":"\n<p>Elevating Pattern&#8217;s <strong>Digital Thread Platform<\/strong> bringt Lebenszyklusmanagement und graphische Datenmodellierung auf einer cloud-nativen Architektur zusammen. Es geht uns hierbei nicht darum das n\u00e4chste monolithische PLM-System zu entwickeln. Sondern wir wollen uns auf die Kernkomponente eines f\u00f6derativen und offenen PLM-Konzeptes konzentrieren. Wir nennen das den Digital Thread.<\/p>\n\n\n\n<p class=\"has-medium-font-size\"><strong>Das erste Release ist jetzt verf\u00fcgbar<\/strong>!<\/p>\n\n\n\n<p>Das erste Release der Digital Thread Platform (Release 2508) ist ab sofort verf\u00fcgbar. Mit diesem Release bringen wir Platform Funktionalit\u00e4ten raus, die umbedingt notwendig sind den Digital Thread abzubilden. Hierzu ist es notwendig, nicht nur Daten importieren und exportieren zu k\u00f6nnen, sondern auch die semantischen Links zwischen bestehenden Daten halten zu k\u00f6nnen. Eine Grundvorraussetzung daf\u00fcr ist unsere No Code Modeling Engine. <\/p>\n\n\n\n<hr class=\"wp-block-separator has-alpha-channel-opacity\"\/>\n\n\n\n<p><strong>Feature #1 No Code Modeling Engine<\/strong><\/p>\n\n\n\n<figure class=\"wp-block-embed is-type-video is-provider-youtube wp-block-embed-youtube wp-embed-aspect-16-9 wp-has-aspect-ratio\"><div class=\"wp-block-embed__wrapper\">\n<iframe loading=\"lazy\" title=\"Datamodeling in EP&#039;s Digital Thread Platform\" width=\"750\" height=\"422\" src=\"https:\/\/www.youtube.com\/embed\/VGAXrHcizeM?feature=oembed\" frameborder=\"0\" allow=\"accelerometer; autoplay; clipboard-write; encrypted-media; gyroscope; picture-in-picture; web-share\" referrerpolicy=\"strict-origin-when-cross-origin\" allowfullscreen><\/iframe>\n<\/div><\/figure>\n\n\n\n<p>Entdecken Sie, wie einfach es ist, Ihre Daten zu definieren und zu strukturieren. Unsere Plattform bietet leistungsstarke Modellierungstools, die komplexe Beziehungen einfach und intuitiv machen.\u00a0<\/p>\n\n\n\n<hr class=\"wp-block-separator has-alpha-channel-opacity\"\/>\n\n\n\n<p><strong>Feature #2 Import\/Export Mapper<\/strong><\/p>\n\n\n\n<p>Sehen Sie, wie Zuordnungen mit einer einfachen Drag &amp; Drop-Oberfl\u00e4che in Sekundenschnelle erstellt werden k\u00f6nnen. Keine Programmierung erforderlich \u2013 nur intuitives Design f\u00fcr schnellere Ergebnisse. \u00a0<\/p>\n\n\n\n<figure class=\"wp-block-embed is-type-video is-provider-youtube wp-block-embed-youtube wp-embed-aspect-16-9 wp-has-aspect-ratio\"><div class=\"wp-block-embed__wrapper\">\n<iframe loading=\"lazy\" title=\"Creating a Mapping in EP&#039;s Digital Thread Platform\" width=\"750\" height=\"422\" src=\"https:\/\/www.youtube.com\/embed\/a66XxdxCUpg?feature=oembed\" frameborder=\"0\" allow=\"accelerometer; autoplay; clipboard-write; encrypted-media; gyroscope; picture-in-picture; web-share\" referrerpolicy=\"strict-origin-when-cross-origin\" allowfullscreen><\/iframe>\n<\/div><\/figure>\n\n\n\n<hr class=\"wp-block-separator has-alpha-channel-opacity\"\/>\n\n\n\n<p><strong>Feature #3 Grafische Modellierung von Lebenszyklen<\/strong><\/p>\n\n\n\n<p>Visualisieren Sie jede Phase des Lebenszyklus Ihrer Entit\u00e4t. Unser grafischer Modellierungsansatz sorgt f\u00fcr Klarheit und Kontrolle bei Prozessen, die bisher im Code verborgen waren.\u00a0<\/p>\n\n\n\n<figure class=\"wp-block-embed is-type-video is-provider-youtube wp-block-embed-youtube wp-embed-aspect-16-9 wp-has-aspect-ratio\"><div class=\"wp-block-embed__wrapper\">\n<iframe loading=\"lazy\" title=\"Modeling an Lifecycles graphically in EP&#039;s Digital Thread Platform\" width=\"750\" height=\"422\" src=\"https:\/\/www.youtube.com\/embed\/px8aIv9D7uE?feature=oembed\" frameborder=\"0\" allow=\"accelerometer; autoplay; clipboard-write; encrypted-media; gyroscope; picture-in-picture; web-share\" referrerpolicy=\"strict-origin-when-cross-origin\" allowfullscreen><\/iframe>\n<\/div><\/figure>\n\n\n\n<hr class=\"wp-block-separator has-alpha-channel-opacity\"\/>\n\n\n\n<p><strong>Feature #4 Structure Browser<\/strong>\u00a0<\/p>\n\n\n\n<ol start=\"4\" class=\"wp-block-list\"><\/ol>\n\n\n\n<p>Erkunden Sie Ihre Datenstrukturen mit Leichtigkeit. Der Struktur-Browser bietet Ihnen eine intuitive, interaktive Ansicht, die die Navigation selbst in komplexen Modellen vereinfacht. \u00a0<\/p>\n\n\n\n<figure class=\"wp-block-embed is-type-video is-provider-youtube wp-block-embed-youtube wp-embed-aspect-16-9 wp-has-aspect-ratio\"><div class=\"wp-block-embed__wrapper\">\n<iframe loading=\"lazy\" title=\"Structure Browser in EP&#039;s Digital Thread Platform\" width=\"750\" height=\"422\" src=\"https:\/\/www.youtube.com\/embed\/UlZNgO81aRw?feature=oembed\" frameborder=\"0\" allow=\"accelerometer; autoplay; clipboard-write; encrypted-media; gyroscope; picture-in-picture; web-share\" referrerpolicy=\"strict-origin-when-cross-origin\" allowfullscreen><\/iframe>\n<\/div><\/figure>\n\n\n\n<hr class=\"wp-block-separator has-alpha-channel-opacity\"\/>\n\n\n\n<p><strong>Feature #5 Lokalisierung mit mehrsprachigen und KI-gest\u00fctzten \u00dcbersetzungen<\/strong>\u00a0<\/p>\n\n\n\n<p>Erreichen Sie m\u00fchelos ein globales Publikum. Dank integrierter Mehrsprachenunterst\u00fctzung und KI-gest\u00fctzten \u00dcbersetzungen k\u00f6nnen Sie ohne Verz\u00f6gerungen auf verschiedene M\u00e4rkte expandieren.\u00a0<\/p>\n\n\n\n<figure class=\"wp-block-embed is-type-video is-provider-youtube wp-block-embed-youtube wp-embed-aspect-16-9 wp-has-aspect-ratio\"><div class=\"wp-block-embed__wrapper\">\n<iframe loading=\"lazy\" title=\"Localization with Multilanguage and AI-Powered Translations in EP&#039;s Digital Thread Platform\" width=\"750\" height=\"422\" src=\"https:\/\/www.youtube.com\/embed\/HAs6UvVawpY?feature=oembed\" frameborder=\"0\" allow=\"accelerometer; autoplay; clipboard-write; encrypted-media; gyroscope; picture-in-picture; web-share\" referrerpolicy=\"strict-origin-when-cross-origin\" allowfullscreen><\/iframe>\n<\/div><\/figure>\n\n\n\n<hr class=\"wp-block-separator has-alpha-channel-opacity\"\/>\n\n\n\n<p><strong>Feature #6 Commit History &#8211; Wer hat was wann ge\u00e4ndert?<\/strong><\/p>\n\n\n\n<p>Behalten Sie die Kontrolle mit vollst\u00e4ndiger Transparenz. Die Commit-Historie zeigt genau, wer wann welche \u00c4nderungen vorgenommen hat, und sorgt so f\u00fcr Verantwortlichkeit und Vertrauen.\u00a0<\/p>\n\n\n\n<figure class=\"wp-block-embed is-type-video is-provider-youtube wp-block-embed-youtube wp-embed-aspect-16-9 wp-has-aspect-ratio\"><div class=\"wp-block-embed__wrapper\">\n<iframe loading=\"lazy\" title=\"Commit History in EP&#039;s Digital Thread Platform\" width=\"750\" height=\"422\" src=\"https:\/\/www.youtube.com\/embed\/dMwPKHcW31o?feature=oembed\" frameborder=\"0\" allow=\"accelerometer; autoplay; clipboard-write; encrypted-media; gyroscope; picture-in-picture; web-share\" referrerpolicy=\"strict-origin-when-cross-origin\" allowfullscreen><\/iframe>\n<\/div><\/figure>\n\n\n\n<p>Wenn Sie mehr \u00fcber unser Produkt erfahren wollen, machen Sie gerne direkt einen Demotermin mit uns aus. <\/p>\n\n\n\n<div class=\"wp-block-buttons is-layout-flex wp-block-buttons-is-layout-flex\">\n<div class=\"wp-block-button\"><a class=\"wp-block-button__link has-text-align-center wp-element-button\" href=\"https:\/\/outlook.office.com\/bookwithme\/user\/c74490418a22479f85feee328915ec69%40elevating-patterns.com\/meetingtype\/FnQVl8OA80Kurw5yHzrNtQ2?anonymous&amp;ismsaljsauthenabled\">Demo Termin<\/a><\/div>\n<\/div>\n\n\n\n<p><\/p>\n","protected":false},"excerpt":{"rendered":"<p>Elevating Pattern&#8217;s Digital Thread Platform bringt Lebenszyklusmanagement und graphische Datenmodellierung auf einer cloud-nativen Architektur zusammen. Es geht uns hierbei nicht darum das n\u00e4chste monolithische PLM-System zu entwickeln. Sondern wir wollen uns auf die Kernkomponente eines f\u00f6derativen und offenen PLM-Konzeptes konzentrieren. Wir nennen das den Digital Thread. Das erste Release ist [&hellip;]<\/p>\n","protected":false},"author":2,"featured_media":0,"parent":0,"menu_order":0,"comment_status":"closed","ping_status":"closed","template":"","meta":{"_themeisle_gutenberg_block_has_review":false,"footnotes":""},"class_list":["post-544","page","type-page","status-publish","hentry"],"yoast_head":"<!-- This site is optimized with the Yoast SEO plugin v26.8 - https:\/\/yoast.com\/product\/yoast-seo-wordpress\/ -->\n<title>Das Produkt - Elevating Patterns<\/title>\n<meta name=\"robots\" content=\"index, follow, max-snippet:-1, max-image-preview:large, max-video-preview:-1\" \/>\n<link rel=\"canonical\" href=\"https:\/\/www.elevating-patterns.com\/index.php\/the-product\/\" \/>\n<meta property=\"og:locale\" content=\"de_DE\" \/>\n<meta property=\"og:type\" content=\"article\" \/>\n<meta property=\"og:title\" content=\"Das Produkt - Elevating Patterns\" \/>\n<meta property=\"og:description\" content=\"Elevating Pattern&#8217;s Digital Thread Platform bringt Lebenszyklusmanagement und graphische Datenmodellierung auf einer cloud-nativen Architektur zusammen. Es geht uns hierbei nicht darum das n\u00e4chste monolithische PLM-System zu entwickeln. Sondern wir wollen uns auf die Kernkomponente eines f\u00f6derativen und offenen PLM-Konzeptes konzentrieren. Wir nennen das den Digital Thread. Das erste Release ist [&hellip;]\" \/>\n<meta property=\"og:url\" content=\"https:\/\/www.elevating-patterns.com\/index.php\/the-product\/\" \/>\n<meta property=\"og:site_name\" content=\"Elevating Patterns\" \/>\n<meta property=\"article:modified_time\" content=\"2025-09-02T10:09:14+00:00\" \/>\n<meta name=\"twitter:card\" content=\"summary_large_image\" \/>\n<meta name=\"twitter:label1\" content=\"Gesch\u00e4tzte Lesezeit\" \/>\n\t<meta name=\"twitter:data1\" content=\"2\u00a0Minuten\" \/>\n<script type=\"application\/ld+json\" class=\"yoast-schema-graph\">{\"@context\":\"https:\/\/schema.org\",\"@graph\":[{\"@type\":\"WebPage\",\"@id\":\"https:\/\/www.elevating-patterns.com\/index.php\/the-product\/\",\"url\":\"https:\/\/www.elevating-patterns.com\/index.php\/the-product\/\",\"name\":\"Das Produkt - Elevating Patterns\",\"isPartOf\":{\"@id\":\"https:\/\/www.elevating-patterns.com\/#website\"},\"datePublished\":\"2025-09-02T09:33:16+00:00\",\"dateModified\":\"2025-09-02T10:09:14+00:00\",\"breadcrumb\":{\"@id\":\"https:\/\/www.elevating-patterns.com\/index.php\/the-product\/#breadcrumb\"},\"inLanguage\":\"de\",\"potentialAction\":[{\"@type\":\"ReadAction\",\"target\":[\"https:\/\/www.elevating-patterns.com\/index.php\/the-product\/\"]}]},{\"@type\":\"BreadcrumbList\",\"@id\":\"https:\/\/www.elevating-patterns.com\/index.php\/the-product\/#breadcrumb\",\"itemListElement\":[{\"@type\":\"ListItem\",\"position\":1,\"name\":\"Startseite\",\"item\":\"https:\/\/www.elevating-patterns.com\/\"},{\"@type\":\"ListItem\",\"position\":2,\"name\":\"Das Produkt\"}]},{\"@type\":\"WebSite\",\"@id\":\"https:\/\/www.elevating-patterns.com\/#website\",\"url\":\"https:\/\/www.elevating-patterns.com\/\",\"name\":\"Elevating Patterns GmbH\",\"description\":\"Let&#039;s build the #IndustrialGraph\",\"publisher\":{\"@id\":\"https:\/\/www.elevating-patterns.com\/#organization\"},\"potentialAction\":[{\"@type\":\"SearchAction\",\"target\":{\"@type\":\"EntryPoint\",\"urlTemplate\":\"https:\/\/www.elevating-patterns.com\/?s={search_term_string}\"},\"query-input\":{\"@type\":\"PropertyValueSpecification\",\"valueRequired\":true,\"valueName\":\"search_term_string\"}}],\"inLanguage\":\"de\"},{\"@type\":\"Organization\",\"@id\":\"https:\/\/www.elevating-patterns.com\/#organization\",\"name\":\"Elevating Patterns GmbH\",\"url\":\"https:\/\/www.elevating-patterns.com\/\",\"logo\":{\"@type\":\"ImageObject\",\"inLanguage\":\"de\",\"@id\":\"https:\/\/www.elevating-patterns.com\/#\/schema\/logo\/image\/\",\"url\":\"https:\/\/www.elevating-patterns.com\/wp-content\/uploads\/2024\/12\/cropped-EP_logo_transparent_1080x1080_ohne_Text-removebg.png\",\"contentUrl\":\"https:\/\/www.elevating-patterns.com\/wp-content\/uploads\/2024\/12\/cropped-EP_logo_transparent_1080x1080_ohne_Text-removebg.png\",\"width\":937,\"height\":446,\"caption\":\"Elevating Patterns GmbH\"},\"image\":{\"@id\":\"https:\/\/www.elevating-patterns.com\/#\/schema\/logo\/image\/\"},\"sameAs\":[\"https:\/\/www.youtube.com\/@ElevatingPatterns\",\"https:\/\/de.linkedin.com\/company\/elevating-patterns\"]}]}<\/script>\n<!-- \/ Yoast SEO plugin. -->","yoast_head_json":{"title":"Das Produkt - Elevating Patterns","robots":{"index":"index","follow":"follow","max-snippet":"max-snippet:-1","max-image-preview":"max-image-preview:large","max-video-preview":"max-video-preview:-1"},"canonical":"https:\/\/www.elevating-patterns.com\/index.php\/the-product\/","og_locale":"de_DE","og_type":"article","og_title":"Das Produkt - Elevating Patterns","og_description":"Elevating Pattern&#8217;s Digital Thread Platform bringt Lebenszyklusmanagement und graphische Datenmodellierung auf einer cloud-nativen Architektur zusammen. Es geht uns hierbei nicht darum das n\u00e4chste monolithische PLM-System zu entwickeln. Sondern wir wollen uns auf die Kernkomponente eines f\u00f6derativen und offenen PLM-Konzeptes konzentrieren. Wir nennen das den Digital Thread. Das erste Release ist [&hellip;]","og_url":"https:\/\/www.elevating-patterns.com\/index.php\/the-product\/","og_site_name":"Elevating Patterns","article_modified_time":"2025-09-02T10:09:14+00:00","twitter_card":"summary_large_image","twitter_misc":{"Gesch\u00e4tzte Lesezeit":"2\u00a0Minuten"},"schema":{"@context":"https:\/\/schema.org","@graph":[{"@type":"WebPage","@id":"https:\/\/www.elevating-patterns.com\/index.php\/the-product\/","url":"https:\/\/www.elevating-patterns.com\/index.php\/the-product\/","name":"Das Produkt - Elevating Patterns","isPartOf":{"@id":"https:\/\/www.elevating-patterns.com\/#website"},"datePublished":"2025-09-02T09:33:16+00:00","dateModified":"2025-09-02T10:09:14+00:00","breadcrumb":{"@id":"https:\/\/www.elevating-patterns.com\/index.php\/the-product\/#breadcrumb"},"inLanguage":"de","potentialAction":[{"@type":"ReadAction","target":["https:\/\/www.elevating-patterns.com\/index.php\/the-product\/"]}]},{"@type":"BreadcrumbList","@id":"https:\/\/www.elevating-patterns.com\/index.php\/the-product\/#breadcrumb","itemListElement":[{"@type":"ListItem","position":1,"name":"Startseite","item":"https:\/\/www.elevating-patterns.com\/"},{"@type":"ListItem","position":2,"name":"Das Produkt"}]},{"@type":"WebSite","@id":"https:\/\/www.elevating-patterns.com\/#website","url":"https:\/\/www.elevating-patterns.com\/","name":"Elevating Patterns GmbH","description":"Let&#039;s build the #IndustrialGraph","publisher":{"@id":"https:\/\/www.elevating-patterns.com\/#organization"},"potentialAction":[{"@type":"SearchAction","target":{"@type":"EntryPoint","urlTemplate":"https:\/\/www.elevating-patterns.com\/?s={search_term_string}"},"query-input":{"@type":"PropertyValueSpecification","valueRequired":true,"valueName":"search_term_string"}}],"inLanguage":"de"},{"@type":"Organization","@id":"https:\/\/www.elevating-patterns.com\/#organization","name":"Elevating Patterns GmbH","url":"https:\/\/www.elevating-patterns.com\/","logo":{"@type":"ImageObject","inLanguage":"de","@id":"https:\/\/www.elevating-patterns.com\/#\/schema\/logo\/image\/","url":"https:\/\/www.elevating-patterns.com\/wp-content\/uploads\/2024\/12\/cropped-EP_logo_transparent_1080x1080_ohne_Text-removebg.png","contentUrl":"https:\/\/www.elevating-patterns.com\/wp-content\/uploads\/2024\/12\/cropped-EP_logo_transparent_1080x1080_ohne_Text-removebg.png","width":937,"height":446,"caption":"Elevating Patterns GmbH"},"image":{"@id":"https:\/\/www.elevating-patterns.com\/#\/schema\/logo\/image\/"},"sameAs":["https:\/\/www.youtube.com\/@ElevatingPatterns","https:\/\/de.linkedin.com\/company\/elevating-patterns"]}]}},"_links":{"self":[{"href":"https:\/\/www.elevating-patterns.com\/index.php\/wp-json\/wp\/v2\/pages\/544","targetHints":{"allow":["GET"]}}],"collection":[{"href":"https:\/\/www.elevating-patterns.com\/index.php\/wp-json\/wp\/v2\/pages"}],"about":[{"href":"https:\/\/www.elevating-patterns.com\/index.php\/wp-json\/wp\/v2\/types\/page"}],"author":[{"embeddable":true,"href":"https:\/\/www.elevating-patterns.com\/index.php\/wp-json\/wp\/v2\/users\/2"}],"replies":[{"embeddable":true,"href":"https:\/\/www.elevating-patterns.com\/index.php\/wp-json\/wp\/v2\/comments?post=544"}],"version-history":[{"count":10,"href":"https:\/\/www.elevating-patterns.com\/index.php\/wp-json\/wp\/v2\/pages\/544\/revisions"}],"predecessor-version":[{"id":564,"href":"https:\/\/www.elevating-patterns.com\/index.php\/wp-json\/wp\/v2\/pages\/544\/revisions\/564"}],"wp:attachment":[{"href":"https:\/\/www.elevating-patterns.com\/index.php\/wp-json\/wp\/v2\/media?parent=544"}],"curies":[{"name":"wp","href":"https:\/\/api.w.org\/{rel}","templated":true}]}}